{"id":46,"date":"2025-02-20T18:46:41","date_gmt":"2025-02-20T18:46:41","guid":{"rendered":"https:\/\/www.cogneumesg.com\/es\/?page_id=46"},"modified":"2025-02-20T18:50:18","modified_gmt":"2025-02-20T18:50:18","slug":"soporte","status":"publish","type":"page","link":"https:\/\/www.cogneumesg.com\/es\/soporte\/","title":{"rendered":"Soporte"},"content":{"rendered":"<h1>Soporte<\/h1>\n<h2>SOPORTE AL ALCANCE DE LA MANO<\/h2>\n<h1>OFRECEMOS TRES TIPOS DE SOPORTE<\/h1>\n<div>\n<p>        <img decoding=\"async\" src=\"\/es\/images\/images\/business-person-on-phone_400x267.jpg\" alt=\"\"><\/p>\n<h3>Soporte telef\u00f3nico<\/h3>\n<div>\n<p>Como cliente, tiene acceso a asistencia telef\u00f3nica personalizada. Los detalles sobre c\u00f3mo acceder a este servicio se le dan a su administrador. Por favor cont\u00e1ctelo para m\u00e1s informaci\u00f3n<\/p>\n<p>Si desea obtener m\u00e1s informaci\u00f3n sobre el producto, organizar una demostraci\u00f3n o simplemente desea obtener un poco m\u00e1s de informaci\u00f3n de un agente, ll\u00e1menos a los n\u00fameros en <a href=\"\/es\/es\/contactarnos\">nuestra p\u00e1gina de contacto<\/a>.<\/p>\n<\/div>\n<\/div>\n<div>\n<p>        <img decoding=\"async\" src=\"\/es\/images\/images\/business-person-on-laptop_400x267.jpg\" alt=\"\"><\/p>\n<h3>Soporte en l\u00ednea<\/h3>\n<div>\n<p>Ofrecemos soporte en l\u00ednea para cualquier problema que no requiera acci\u00f3n inmediata o para preguntas que no est\u00e1n disponibles en otros lugares.<\/p>\n<p>Los clientes existentes recibir\u00e1n informaci\u00f3n para inicio de sesi\u00f3n. Si no es un cliente, puede utilizar el sistema como invitado y nos esforzaremos por responder sus preguntas de manera r\u00e1pida y eficiente.<\/p>\n<\/div>\n<\/div>\n<p><p>\n        <a href=\"http:\/\/support.cogneumreporting.com\/\">OBTENGA SOPORTE AHORA<\/a>\n    <\/p>\n<\/p>\n<div>\n<p>        <img decoding=\"async\" src=\"\/es\/images\/images\/question-mark-sign_400x268.jpg\" alt=\"\"><\/p>\n<h3>Base de datos<\/h3>\n<div>\n<p>Este es un repositorio en l\u00ednea de todas las preguntas m\u00e1s frecuentes. Esto a\u00fan no est\u00e1 en l\u00ednea, pero haremos un anuncio cuando est\u00e9 listo.<\/p>\n<\/div>\n<\/div>\n<p><!--more--><br \/>\n<!-- {\"type\":\"layout\",\"children\":[{\"name\":\"Intro\",\"type\":\"section\",\"props\":{\"header_transparent\":true,\"height\":\"viewport\",\"height_offset_top\":true,\"height_viewport\":80,\"image\":\"images\\\/headers\\\/Support-original-2-dark_1400x955.jpg\",\"image_effect\":\"parallax\",\"image_parallax_easing\":\"1\",\"image_position\":\"center-center\",\"image_size\":\"cover\",\"media_blend_mode\":\"screen\",\"overlap\":true,\"padding\":\"small\",\"padding_remove_bottom\":false,\"preserve_color\":false,\"style\":\"default\",\"text_color\":\"light\",\"title_breakpoint\":\"xl\",\"title_position\":\"top-left\",\"title_rotation\":\"left\",\"vertical_align\":\"\",\"width\":\"large\"},\"children\":[{\"type\":\"row\",\"children\":[{\"type\":\"column\",\"props\":{\"image_position\":\"center-center\",\"position_sticky_breakpoint\":\"m\",\"width_medium\":\"1-1\"},\"children\":[{\"type\":\"headline\",\"props\":{\"content\":\"Soporte\",\"margin\":\"small\",\"text_align\":\"center\",\"title_element\":\"h1\"}},{\"type\":\"headline\",\"props\":{\"content\":\"SOPORTE AL ALCANCE DE LA MANO\",\"margin\":\"remove-vertical\",\"text_align\":\"center\",\"title_color\":\"primary\",\"title_element\":\"h2\",\"title_style\":\"h4\"}}]}]}]},{\"type\":\"section\",\"props\":{\"image_position\":\"center-center\",\"style\":\"default\",\"title_breakpoint\":\"xl\",\"title_position\":\"top-left\",\"title_rotation\":\"left\",\"vertical_align\":\"\",\"width\":\"large\"},\"children\":[{\"type\":\"row\",\"children\":[{\"type\":\"column\",\"props\":{\"image_position\":\"center-center\",\"position_sticky_breakpoint\":\"m\",\"width_medium\":\"1-1\"},\"children\":[{\"name\":\"Headline ELement\",\"type\":\"headline\",\"props\":{\"content\":\"OFRECEMOS TRES TIPOS DE SOPORTE\",\"margin\":\"small\",\"text_align\":\"center\",\"title_element\":\"h1\",\"title_style\":\"h5\"}}]}]}]},{\"type\":\"section\",\"props\":{\"image_position\":\"center-center\",\"style\":\"default\",\"title_breakpoint\":\"xl\",\"title_position\":\"top-left\",\"title_rotation\":\"left\",\"vertical_align\":\"\",\"width\":\"large\"},\"children\":[{\"type\":\"row\",\"props\":{\"layout\":\"1-3,1-3,1-3\"},\"children\":[{\"type\":\"column\",\"props\":{\"image_position\":\"center-center\",\"position_sticky_breakpoint\":\"m\",\"width_medium\":\"1-3\"},\"children\":[{\"type\":\"panel\",\"props\":{\"content\":\"\n\n<p>Como cliente, tiene acceso a asistencia telef\\u00f3nica personalizada. Los detalles sobre c\\u00f3mo acceder a este servicio se le dan a su administrador. Por favor cont\\u00e1ctelo para m\\u00e1s informaci\\u00f3n<\\\/p>\\n\n\n<p>Si desea obtener m\\u00e1s informaci\\u00f3n sobre el producto, organizar una demostraci\\u00f3n o simplemente desea obtener un poco m\\u00e1s de informaci\\u00f3n de un agente, ll\\u00e1menos a los n\\u00fameros en <a href=\\\"es\\\/contactarnos\\\">nuestra p\\u00e1gina de contacto<\\\/a>.<\\\/p>\",\"content_column_breakpoint\":\"m\",\"icon_width\":80,\"image\":\"images\\\/images\\\/business-person-on-phone_400x267.jpg\",\"image_align\":\"top\",\"image_grid_breakpoint\":\"m\",\"image_grid_width\":\"1-2\",\"image_svg_color\":\"emphasis\",\"link_style\":\"default\",\"link_text\":\"Read more\",\"margin\":\"default\",\"meta_align\":\"below-title\",\"meta_element\":\"div\",\"meta_style\":\"text-meta\",\"title\":\"Soporte telef\\u00f3nico\",\"title_align\":\"top\",\"title_element\":\"h3\",\"title_grid_breakpoint\":\"m\",\"title_grid_width\":\"1-2\",\"title_hover_style\":\"reset\"}}]},{\"type\":\"column\",\"props\":{\"image_position\":\"center-center\",\"position_sticky_breakpoint\":\"m\",\"width_medium\":\"1-3\"},\"children\":[{\"type\":\"panel\",\"props\":{\"content\":\"\n\n<p>Ofrecemos soporte en l\\u00ednea para cualquier problema que no requiera acci\\u00f3n inmediata o para preguntas que no est\\u00e1n disponibles en otros lugares.<\\\/p>\\n\n\n<p>Los clientes existentes recibir\\u00e1n informaci\\u00f3n para inicio de sesi\\u00f3n. Si no es un cliente, puede utilizar el sistema como invitado y nos esforzaremos por responder sus preguntas de manera r\\u00e1pida y eficiente.<\\\/p>\",\"content_column_breakpoint\":\"m\",\"icon_width\":80,\"image\":\"images\\\/images\\\/business-person-on-laptop_400x267.jpg\",\"image_align\":\"top\",\"image_grid_breakpoint\":\"m\",\"image_grid_width\":\"1-2\",\"image_svg_color\":\"emphasis\",\"link_style\":\"default\",\"link_text\":\"Read more\",\"margin\":\"default\",\"meta_align\":\"below-title\",\"meta_element\":\"div\",\"meta_style\":\"text-meta\",\"title\":\"Soporte en l\\u00ednea\",\"title_align\":\"top\",\"title_element\":\"h3\",\"title_grid_breakpoint\":\"m\",\"title_grid_width\":\"1-2\",\"title_hover_style\":\"reset\"}},{\"type\":\"button\",\"props\":{\"grid_column_gap\":\"small\",\"grid_row_gap\":\"small\",\"margin\":\"default\",\"text_align\":\"center\"},\"children\":[{\"type\":\"button_item\",\"props\":{\"button_style\":\"primary\",\"content\":\"OBTENGA SOPORTE AHORA\",\"dialog_layout\":\"modal\",\"dialog_offcanvas_flip\":true,\"icon_align\":\"left\",\"link\":\"http:\\\/\\\/support.cogneumreporting.com\\\/\",\"link_target\":\"blank\",\"link_title\":\"Cogneum Support\"}}]}]},{\"type\":\"column\",\"props\":{\"image_position\":\"center-center\",\"position_sticky_breakpoint\":\"m\",\"width_medium\":\"1-3\"},\"children\":[{\"type\":\"panel\",\"props\":{\"content\":\"\n\n<p>Este es un repositorio en l\\u00ednea de todas las preguntas m\\u00e1s frecuentes. Esto a\\u00fan no est\\u00e1 en l\\u00ednea, pero haremos un anuncio cuando est\\u00e9 listo.<\\\/p>\",\"content_column_breakpoint\":\"m\",\"icon_width\":80,\"image\":\"images\\\/images\\\/question-mark-sign_400x268.jpg\",\"image_align\":\"top\",\"image_grid_breakpoint\":\"m\",\"image_grid_width\":\"1-2\",\"image_svg_color\":\"emphasis\",\"link_style\":\"default\",\"link_text\":\"Read more\",\"margin\":\"default\",\"meta_align\":\"below-title\",\"meta_element\":\"div\",\"meta_style\":\"text-meta\",\"title\":\"Base de datos\",\"title_align\":\"top\",\"title_element\":\"h3\",\"title_grid_breakpoint\":\"m\",\"title_grid_width\":\"1-2\",\"title_hover_style\":\"reset\"}}]}]}]}],\"version\":\"4.5.5\"} --><\/p>\n","protected":false},"excerpt":{"rendered":"<p>Soporte SOPORTE AL ALCANCE DE LA MANO OFRECEMOS TRES TIPOS DE SOPORTE Soporte telef\u00f3nico Como cliente, tiene acceso a asistencia telef\u00f3nica personalizada. Los detalles sobre c\u00f3mo acceder a este servicio se le dan a su administrador. Por favor cont\u00e1ctelo para m\u00e1s informaci\u00f3n Si desea obtener m\u00e1s informaci\u00f3n sobre el producto, organizar una demostraci\u00f3n o simplemente [&hellip;]<\/p>\n","protected":false},"author":1,"featured_media":0,"parent":0,"menu_order":0,"comment_status":"closed","ping_status":"closed","template":"","meta":{"footnotes":""},"class_list":["post-46","page","type-page","status-publish","hentry"],"_links":{"self":[{"href":"https:\/\/www.cogneumesg.com\/es\/wp-json\/wp\/v2\/pages\/46","targetHints":{"allow":["GET"]}}],"collection":[{"href":"https:\/\/www.cogneumesg.com\/es\/wp-json\/wp\/v2\/pages"}],"about":[{"href":"https:\/\/www.cogneumesg.com\/es\/wp-json\/wp\/v2\/types\/page"}],"author":[{"embeddable":true,"href":"https:\/\/www.cogneumesg.com\/es\/wp-json\/wp\/v2\/users\/1"}],"replies":[{"embeddable":true,"href":"https:\/\/www.cogneumesg.com\/es\/wp-json\/wp\/v2\/comments?post=46"}],"version-history":[{"count":2,"href":"https:\/\/www.cogneumesg.com\/es\/wp-json\/wp\/v2\/pages\/46\/revisions"}],"predecessor-version":[{"id":130,"href":"https:\/\/www.cogneumesg.com\/es\/wp-json\/wp\/v2\/pages\/46\/revisions\/130"}],"wp:attachment":[{"href":"https:\/\/www.cogneumesg.com\/es\/wp-json\/wp\/v2\/media?parent=46"}],"curies":[{"name":"wp","href":"https:\/\/api.w.org\/{rel}","templated":true}]}}